{"id":3486,"date":"2022-10-16T08:51:17","date_gmt":"2022-10-16T08:51:17","guid":{"rendered":"https:\/\/bystronovci.sk\/?page_id=3486"},"modified":"2023-04-11T06:09:45","modified_gmt":"2023-04-11T06:09:45","slug":"contact","status":"publish","type":"page","link":"https:\/\/bystronovci.sk\/en\/contact\/","title":{"rendered":"Contact"},"content":{"rendered":"\t\t<div data-elementor-type=\"wp-page\" data-elementor-id=\"3486\" class=\"elementor elementor-3486\">\n\t\t\t\t\t\t\t\t\t<section class=\"elementor-section elementor-top-section elementor-element elementor-element-1241588 elementor-section-boxed elementor-section-height-default elementor-section-height-default\" data-id=\"1241588\" data-element_type=\"section\">\n\t\t\t\t\t\t<div class=\"elementor-container elementor-column-gap-default\">\n\t\t\t\t\t<div class=\"elementor-column elementor-col-100 elementor-top-column elementor-element elementor-element-d23a5db\" data-id=\"d23a5db\" data-element_type=\"column\">\n\t\t\t<div class=\"elementor-widget-wrap\">\n\t\t\t\t\t\t\t\t\t<\/div>\n\t\t<\/div>\n\t\t\t\t\t\t\t<\/div>\n\t\t<\/section>\n\t\t\t\t<section class=\"elementor-section elementor-top-section elementor-element elementor-element-b6ab36d elementor-section-full_width elementor-section-height-default elementor-section-height-default\" data-id=\"b6ab36d\" data-element_type=\"section\">\n\t\t\t\t\t\t<div class=\"elementor-container elementor-column-gap-default\">\n\t\t\t\t\t<div class=\"elementor-column elementor-col-100 elementor-top-column elementor-element elementor-element-a9496dd\" data-id=\"a9496dd\" data-element_type=\"column\">\n\t\t\t<div class=\"elementor-widget-wrap elementor-element-populated\">\n\t\t\t\t\t\t\t\t<div class=\"elementor-element elementor-element-fecf16c elementor-widget elementor-widget-shortcode\" data-id=\"fecf16c\" data-element_type=\"widget\" data-widget_type=\"shortcode.default\">\n\t\t\t\t<div class=\"elementor-widget-container\">\n\t\t\t\t\t\t\t\t<div class=\"contact-title\">\n\t\t\t\t\t\t<div class=\"container-1550\">\n\t\t\t\t\t\t\t<div class=\"contact-header\">\n\t\t\t\t\t\t\t\t\t\t\t\t\t\t\t\t<span class=\"label\">Contact<\/span>\n\t\t\t\t\t\t\t\t<h1>Howdy, Hi, Helloooo<\/h1>\n\t\t\t\t\t\t\t<\/div>\n\t\t\t\t\t\t<\/div>\n\t\t\t\t\t<\/div>\n\n\t\t\t\t\t<div class=\"contact-content\">\n\t\t\t\t\t\t<div class=\"container-1550\">\n\t\t\t\t\t\t\t<div class=\"contact-content--left\">\n\t\t\t\t\t\t\t\t<h4>Who we are<\/h4>\n\t\t\t\t\t\t\t\t<p>Operator:<\/p>\n\t\t\t\t\t\t\t\t<h6>Bratislava tourist board<\/h6>\n\t\t\t\t\t\t\t\t<p>E-Mail:<\/p>\n\t\t\t\t\t\t\t\t<h6><a>touristinfo@visitbratislava.com<\/a><\/h6>\n\t\t\t\t\t\t\t\t<p>Address<\/p>\n\t\t\t\t\t\t\t\t<h6>\u0160af\u00e1rikovo n\u00e1mestie 3, 811 02 Bratislava<\/h6>\n\t\t\t\t\t\t\t<\/div>\n\t\t\t\t\t\t\t<div class=\"contact-content--right\">\n\t\t\t\t\t\t\t\t<h2>Contact us<\/h2>\n\t\t\t\t\t\t\t\t<p><p>Do you have a question and didn&#8217;t find the answer <a href=\"\/help\/\">HERE<\/a>? Contact us!<\/p>\n<\/p>\n\n\t\t\t\t\t\t\t\t\t\t\t\t\t\t\t\t<p><div class=\"wpcf7 no-js\" id=\"wpcf7-f3716-o1\" lang=\"en-US\" dir=\"ltr\">\n<div class=\"screen-reader-response\"><p role=\"status\" aria-live=\"polite\" aria-atomic=\"true\"><\/p> <ul><\/ul><\/div>\n<form action=\"\/en\/wp-json\/wp\/v2\/pages\/3486#wpcf7-f3716-o1\" method=\"post\" class=\"wpcf7-form init\" aria-label=\"Contact form\" novalidate=\"novalidate\" data-status=\"init\">\n<div style=\"display: none;\">\n<input type=\"hidden\" name=\"_wpcf7\" value=\"3716\" \/>\n<input type=\"hidden\" name=\"_wpcf7_version\" value=\"5.7\" \/>\n<input type=\"hidden\" name=\"_wpcf7_locale\" value=\"en_US\" \/>\n<input type=\"hidden\" name=\"_wpcf7_unit_tag\" value=\"wpcf7-f3716-o1\" \/>\n<input type=\"hidden\" name=\"_wpcf7_container_post\" value=\"0\" \/>\n<input type=\"hidden\" name=\"_wpcf7_posted_data_hash\" value=\"\" \/>\n<\/div>\n<p><label> Name and Lastname<br \/>\n<span class=\"wpcf7-form-control-wrap\" data-name=\"your-name\"><input size=\"40\" class=\"wpcf7-form-control wpcf7-text wpcf7-validates-as-required\" aria-required=\"true\" aria-invalid=\"false\" value=\"\" type=\"text\" name=\"your-name\" \/><\/span> <\/label>\n<\/p>\n<p><label> Subject<br \/>\n<span class=\"wpcf7-form-control-wrap\" data-name=\"your-subject\"><input size=\"40\" class=\"wpcf7-form-control wpcf7-text wpcf7-validates-as-required\" aria-required=\"true\" aria-invalid=\"false\" value=\"\" type=\"text\" name=\"your-subject\" \/><\/span> <\/label>\n<\/p>\n<p><label> Message<br \/>\n<span class=\"wpcf7-form-control-wrap\" data-name=\"your-message\"><textarea cols=\"40\" rows=\"10\" class=\"wpcf7-form-control wpcf7-textarea\" aria-invalid=\"false\" name=\"your-message\"><\/textarea><\/span> <\/label>\n<\/p>\n<p><label class=\"robot-message\"> Aren't you a robot? Count two times seven and write the result here:<br \/>\n<span class=\"wpcf7-form-control-wrap\" data-name=\"your-subject\"><input size=\"40\" class=\"wpcf7-form-control wpcf7-text wpcf7-validates-as-required\" aria-required=\"true\" aria-invalid=\"false\" value=\"\" type=\"text\" name=\"your-subject\" \/><\/span> <\/label>\n<\/p>\n<div class=\"radio-inputs-section\">\n\t<p><br \/>\n<label class=\"container\">I agree to the <b>processing of personal data<\/b>.<br \/>\n<input type=\"checkbox\" checked=\"checked \" \/><br \/>\n<span class=\"checkmark\"><\/span><br \/>\n<\/label><br \/>\n\t<\/p>\n<\/div>\n<p><input class=\"wpcf7-form-control has-spinner wpcf7-submit\" type=\"submit\" value=\"Submit\" \/>\n<\/p><div class=\"wpcf7-response-output\" aria-hidden=\"true\"><\/div><\/form><\/div><\/p>\n\t\t\t\t\t\t\t<\/div>\n\t\t\t\t\t\t<\/div>\n\t\t\t\t\t<\/div>\n\t\t\t\t\t\t<div class=\"elementor-shortcode\"><\/div>\n\t\t\t\t<\/div>\n\t\t\t\t<\/div>\n\t\t\t\t\t<\/div>\n\t\t<\/div>\n\t\t\t\t\t\t\t<\/div>\n\t\t<\/section>\n\t\t\t\t\t\t\t<\/div>\n\t\t","protected":false},"excerpt":{"rendered":"","protected":false},"author":1,"featured_media":0,"parent":0,"menu_order":0,"comment_status":"closed","ping_status":"closed","template":"","meta":{"inline_featured_image":false,"footnotes":""},"class_list":["post-3486","page","type-page","status-publish","hentry"],"acf":[],"_links":{"self":[{"href":"https:\/\/bystronovci.sk\/en\/wp-json\/wp\/v2\/pages\/3486","targetHints":{"allow":["GET"]}}],"collection":[{"href":"https:\/\/bystronovci.sk\/en\/wp-json\/wp\/v2\/pages"}],"about":[{"href":"https:\/\/bystronovci.sk\/en\/wp-json\/wp\/v2\/types\/page"}],"author":[{"embeddable":true,"href":"https:\/\/bystronovci.sk\/en\/wp-json\/wp\/v2\/users\/1"}],"replies":[{"embeddable":true,"href":"https:\/\/bystronovci.sk\/en\/wp-json\/wp\/v2\/comments?post=3486"}],"version-history":[{"count":7,"href":"https:\/\/bystronovci.sk\/en\/wp-json\/wp\/v2\/pages\/3486\/revisions"}],"predecessor-version":[{"id":4314,"href":"https:\/\/bystronovci.sk\/en\/wp-json\/wp\/v2\/pages\/3486\/revisions\/4314"}],"wp:attachment":[{"href":"https:\/\/bystronovci.sk\/en\/wp-json\/wp\/v2\/media?parent=3486"}],"curies":[{"name":"wp","href":"https:\/\/api.w.org\/{rel}","templated":true}]}}