{"id":3559,"date":"2022-11-09T16:20:54","date_gmt":"2022-11-09T16:20:54","guid":{"rendered":"https:\/\/bystronovci.sk\/?page_id=3559"},"modified":"2023-04-04T07:55:03","modified_gmt":"2023-04-04T07:55:03","slug":"wie-es-funktioniert","status":"publish","type":"page","link":"https:\/\/bystronovci.sk\/de\/wie-es-funktioniert\/","title":{"rendered":"Wie es funktioniert"},"content":{"rendered":"\t\t<div data-elementor-type=\"wp-page\" data-elementor-id=\"3559\" class=\"elementor elementor-3559\">\n\t\t\t\t\t\t\t\t\t<section class=\"elementor-section elementor-top-section elementor-element elementor-element-9823da3 elementor-section-boxed elementor-section-height-default elementor-section-height-default\" data-id=\"9823da3\" data-element_type=\"section\">\n\t\t\t\t\t\t<div class=\"elementor-container elementor-column-gap-default\">\n\t\t\t\t\t<div class=\"elementor-column elementor-col-100 elementor-top-column elementor-element elementor-element-5b19f9d\" data-id=\"5b19f9d\" data-element_type=\"column\">\n\t\t\t<div class=\"elementor-widget-wrap\">\n\t\t\t\t\t\t\t\t\t<\/div>\n\t\t<\/div>\n\t\t\t\t\t\t\t<\/div>\n\t\t<\/section>\n\t\t\t\t<section class=\"elementor-section elementor-top-section elementor-element elementor-element-a9861b0 elementor-section-full_width elementor-section-height-default elementor-section-height-default\" data-id=\"a9861b0\" data-element_type=\"section\">\n\t\t\t\t\t\t<div class=\"elementor-container elementor-column-gap-default\">\n\t\t\t\t\t<div class=\"elementor-column elementor-col-100 elementor-top-column elementor-element elementor-element-ea694d3\" data-id=\"ea694d3\" data-element_type=\"column\">\n\t\t\t<div class=\"elementor-widget-wrap elementor-element-populated\">\n\t\t\t\t\t\t\t\t<div class=\"elementor-element elementor-element-d3f2f55 elementor-widget elementor-widget-shortcode\" data-id=\"d3f2f55\" data-element_type=\"widget\" data-widget_type=\"shortcode.default\">\n\t\t\t\t<div class=\"elementor-widget-container\">\n\t\t\t\t\t\t\t\t<div class=\"contact-title how-it-works-here\">\n\t\t\t\t\t\t<div class=\"container-1550\">\n\t\t\t\t\t\t\t<div class=\"contact-header\">\n\t\t\t\t\t\t\t\t\t\t\t\t\t\t\t\t<span class=\"label\">Wie es funktioniert<\/span>\n\t\t\t\t\t\t\t\t<h1>Komplett alle Informationen<\/h1>\n\t\t\t\t\t\t\t<\/div>\n\t\t\t\t\t\t<\/div>\n\t\t\t\t\t<\/div>\n\t\t\t\t\t<div class=\"themes-container\">\n\t\t\t\t\t\t<div class=\"container-1550\">\n\t\t\t\t\t\t\t<div class=\"themes-left\">\n\t\t\t\t\t\t\t\t<div class=\"themes-left--banner\">\n\t\t\t\t\t\t\t\t\t<p>Obsah<\/p>\n\t\t\t\t\t\t\t\t\t\t\t\t\t\t\t\t\t\t\t\t\t\t\t\t\t\t\t\t\t<a href=\"#section1\">\n\t\t\t\t\t\t\t\t\t\t\t\t<h4>Was Sie auf dieser Seite finden werden.<\/h4>\n\t\t\t\t\t\t\t\t\t\t\t<\/a>\n\t\t\t\t\t\t\t\t\t\t\t\t\t\t\t\t\t\t\t\t<a href=\"#section2\">\n\t\t\t\t\t\t\t\t\t\t\t\t<h4>Puzzlejagd Spiele<\/h4>\n\t\t\t\t\t\t\t\t\t\t\t<\/a>\n\t\t\t\t\t\t\t\t\t\t\t\t\t\t\t\t\t\t\t\t<a href=\"#section3\">\n\t\t\t\t\t\t\t\t\t\t\t\t<h4>Quiz<\/h4>\n\t\t\t\t\t\t\t\t\t\t\t<\/a>\n\t\t\t\t\t\t\t\t\t\t\t\t\t\t\t\t\t\t\t\t<a href=\"#section4\">\n\t\t\t\t\t\t\t\t\t\t\t\t<h4>Punkte sammeln und Gewinnspiele<\/h4>\n\t\t\t\t\t\t\t\t\t\t\t<\/a>\n\t\t\t\t\t\t\t\t\t\t\t\t\t\t\t\t\t<\/div>\n\t\t\t\t\t\t\t<\/div>\n\t\t\t\t\t\t\t<div class=\"themes-right\">\n\t\t\t\t\t\t\t\t\t\t\t\t\t\t\t\t\t\t\t\t\t\t\t\t\t\t<div id=\"section1\" class=\"themes-right__text\">\n\t\t\t\t\t\t\t\t\t\t\t<h2>Was Sie auf dieser Seite finden werden.<\/h2>\n\t\t\t\t\t\t\t\t\t\t\t<p><h3>Spiele Stadtabenteuer drau\u00dfen in der Stadt oder Quizfragen entspannt zu Hause auf dem Sofa.<\/h3>\n<p>Wir haben eine Mega-Unterhaltung f\u00fcr dich vorbereitet. Und wenn du m\u00f6chtest, wirst du auch viele interessante Fakten lernen. M\u00f6chtest du ein Abenteuer mit Freunden in der Stadt erleben? Oder bevorzugst du Unterhaltung vom Komfort deines Sofas aus? Beides findest du auf dieser Website. Alle Spiele auf unserer Website sind kostenlos. Klicke einfach und der Spa\u00df kann beginnen.<\/p>\n<\/p>\n\t\t\t\t\t\t\t\t\t\t<\/div>\n\t\t\t\t\t\t\t\t\t\t\t\t\t\t\t\t\t\t<div id=\"section2\" class=\"themes-right__text\">\n\t\t\t\t\t\t\t\t\t\t\t<h2>Puzzlejagd Spiele<\/h2>\n\t\t\t\t\t\t\t\t\t\t\t<p><h3>Stadtabenteuer mit einer Comic-Geschichte<\/h3>\n<p>Unsere Puzzlejagd finden drau\u00dfen in der Stadt statt. Genauer gesagt im Zentrum von Bratislava. Wie funktioniert das Spiel? Sie m\u00fcssen lediglich in die Stadt kommen, unsere Website auf Ihrem Handy \u00f6ffnen und das Spiel starten. Die Spiel-App erkl\u00e4rt Ihnen alles und begleitet Sie w\u00e4hrend des Spiels. Das Puzzlejagd \u00e4hnelt einem &#8222;Escape Room&#8220;. Sie m\u00fcssen den Code entschl\u00fcsseln, um im Spiel weiterzukommen. Sie geben die Passw\u00f6rter direkt in die App ein. Wenn Sie Hilfe ben\u00f6tigen, finden Sie auch Hinweise in der App.<\/p>\n<\/p>\n\t\t\t\t\t\t\t\t\t\t<\/div>\n\t\t\t\t\t\t\t\t\t\t\t\t\t\t\t\t\t\t<div id=\"section3\" class=\"themes-right__text\">\n\t\t\t\t\t\t\t\t\t\t\t<h2>Quiz<\/h2>\n\t\t\t\t\t\t\t\t\t\t\t<p><h3>Was wissen Sie \u00fcber Bratislava?<\/h3>\n<p>Kennen Sie die Wahrzeichen, die Geschichte, die Natur rund um die Stadt oder die Pers\u00f6nlichkeiten, die hier leben, in Bratislava? Testen Sie Ihr Wissen in Online-Quizzen. Sie werden mit Sicherheit viele interessante Dinge lernen. Sie k\u00f6nnen das Quiz \u00fcberall spielen, alles was Sie brauchen, ist ein Computer, ein Handy oder ein Tablet mit einer Internetverbindung.<\/p>\n<\/p>\n\t\t\t\t\t\t\t\t\t\t<\/div>\n\t\t\t\t\t\t\t\t\t\t\t\t\t\t\t\t\t\t<div id=\"section4\" class=\"themes-right__text\">\n\t\t\t\t\t\t\t\t\t\t\t<h2>Punkte sammeln und Gewinnspiele<\/h2>\n\t\t\t\t\t\t\t\t\t\t\t<p><h3>Wof\u00fcr bekommt man Punkte?<\/h3>\n<p>Haben Sie sich registriert und Ihren Avatar ausgew\u00e4hlt? F\u00fcr jedes Quiz und jedes Verschl\u00fcsselungsspiel, das Sie spielen, erhalten Sie Punkte f\u00fcr Ihr Profil. Auf welches Level k\u00f6nnen Sie mit Ihrem Avatar aufsteigen? Wir bereiten interessante Wettbewerbe f\u00fcr Sie und Ihre Klassenkameraden vor, bei denen Sie mit den Punkten, die Sie verdienen, interessante Preise f\u00fcr Ihre Klasse gewinnen k\u00f6nnen.<\/p>\n<\/p>\n\t\t\t\t\t\t\t\t\t\t<\/div>\n\t\t\t\t\t\t\t\t\t\t\t\t\t\t\t<\/div>\n\t\t\t\t\t\t<\/div>\n\t\t\t\t\t<\/div>\n\t\t\t\t\t<div class=\"martan-info\">\n\t\t\t\t\t\t<div class=\"container-1550\">\n\t\t\t\t\t\t\t<div class=\"martan-info--detail\">\n\t\t\t\t\t\t\t\t\t\t\t\t\t\t\t\t<p>Wenn du deine Frage nicht gefunden hast, klicke auf den Button<\/p>\n\t\t\t\t\t\t\t\t<a class=\"btn-level2\" href=\"\/pomoc\">Frage suchen<\/a>\n\t\t\t\t\t\t\t<\/div>\n\t\t\t\t\t\t<\/div>\n\t\t\t\t\t<\/div>\n\t\t\t\t\t\t<div class=\"elementor-shortcode\"><\/div>\n\t\t\t\t<\/div>\n\t\t\t\t<\/div>\n\t\t\t\t\t<\/div>\n\t\t<\/div>\n\t\t\t\t\t\t\t<\/div>\n\t\t<\/section>\n\t\t\t\t\t\t\t<\/div>\n\t\t","protected":false},"excerpt":{"rendered":"","protected":false},"author":1,"featured_media":0,"parent":0,"menu_order":0,"comment_status":"closed","ping_status":"closed","template":"","meta":{"inline_featured_image":false,"footnotes":""},"class_list":["post-3559","page","type-page","status-publish","hentry"],"acf":[],"_links":{"self":[{"href":"https:\/\/bystronovci.sk\/de\/wp-json\/wp\/v2\/pages\/3559","targetHints":{"allow":["GET"]}}],"collection":[{"href":"https:\/\/bystronovci.sk\/de\/wp-json\/wp\/v2\/pages"}],"about":[{"href":"https:\/\/bystronovci.sk\/de\/wp-json\/wp\/v2\/types\/page"}],"author":[{"embeddable":true,"href":"https:\/\/bystronovci.sk\/de\/wp-json\/wp\/v2\/users\/1"}],"replies":[{"embeddable":true,"href":"https:\/\/bystronovci.sk\/de\/wp-json\/wp\/v2\/comments?post=3559"}],"version-history":[{"count":4,"href":"https:\/\/bystronovci.sk\/de\/wp-json\/wp\/v2\/pages\/3559\/revisions"}],"predecessor-version":[{"id":4224,"href":"https:\/\/bystronovci.sk\/de\/wp-json\/wp\/v2\/pages\/3559\/revisions\/4224"}],"wp:attachment":[{"href":"https:\/\/bystronovci.sk\/de\/wp-json\/wp\/v2\/media?parent=3559"}],"curies":[{"name":"wp","href":"https:\/\/api.w.org\/{rel}","templated":true}]}}