{"id":3508,"date":"2022-10-16T08:51:06","date_gmt":"2022-10-16T08:51:06","guid":{"rendered":"https:\/\/bystronovci.sk\/?page_id=3508"},"modified":"2023-04-04T08:01:54","modified_gmt":"2023-04-04T08:01:54","slug":"hilfe","status":"publish","type":"page","link":"https:\/\/bystronovci.sk\/de\/hilfe\/","title":{"rendered":"Hilfe"},"content":{"rendered":"\t\t<div data-elementor-type=\"wp-page\" data-elementor-id=\"3508\" class=\"elementor elementor-3508\">\n\t\t\t\t\t\t\t\t\t<section class=\"elementor-section elementor-top-section elementor-element elementor-element-7c83faa elementor-section-boxed elementor-section-height-default elementor-section-height-default\" data-id=\"7c83faa\" data-element_type=\"section\">\n\t\t\t\t\t\t<div class=\"elementor-container elementor-column-gap-default\">\n\t\t\t\t\t<div class=\"elementor-column elementor-col-100 elementor-top-column elementor-element elementor-element-1f1e697\" data-id=\"1f1e697\" data-element_type=\"column\">\n\t\t\t<div class=\"elementor-widget-wrap\">\n\t\t\t\t\t\t\t\t\t<\/div>\n\t\t<\/div>\n\t\t\t\t\t\t\t<\/div>\n\t\t<\/section>\n\t\t\t\t<section class=\"elementor-section elementor-top-section elementor-element elementor-element-ff55c8e elementor-section-full_width elementor-section-height-default elementor-section-height-default\" data-id=\"ff55c8e\" data-element_type=\"section\">\n\t\t\t\t\t\t<div class=\"elementor-container elementor-column-gap-default\">\n\t\t\t\t\t<div class=\"elementor-column elementor-col-100 elementor-top-column elementor-element elementor-element-4562bbf\" data-id=\"4562bbf\" data-element_type=\"column\">\n\t\t\t<div class=\"elementor-widget-wrap elementor-element-populated\">\n\t\t\t\t\t\t\t\t<div class=\"elementor-element elementor-element-9e98868 elementor-widget elementor-widget-shortcode\" data-id=\"9e98868\" data-element_type=\"widget\" data-widget_type=\"shortcode.default\">\n\t\t\t\t<div class=\"elementor-widget-container\">\n\t\t\t\t\t\t\t\t<div class=\"contact-title help-page\">\n\t\t\t\t\t\t<div class=\"container-1550\">\n\t\t\t\t\t\t\t<div class=\"contact-header\">\n\t\t\t\t\t\t\t\t\t\t\t\t\t\t\t\t<span class=\"label\"><\/span>\n\t\t\t\t\t\t\t\t<h1>Irgendwelche Fragen?<\/h1>\n\t\t\t\t\t\t\t\t<p><\/p>\n\t\t\t\t\t\t\t<\/div>\n\t\t\t\t\t\t<\/div>\n\t\t\t\t\t<\/div>\n\t\t\t\t\t<div class=\"question-tabs\">\n\t\t\t\t\t\t<div class=\"faqs-container\">\n\t\t\t\t\t\t\t<span class=\"label\"><\/span>\n\t\t\t\t\t\t\t<div class=\"container-1550\">\n\t\t\t\t\t\t\t\t\t\t\t\t\t\t\t\t<div class=\"faqs-right\">\n\t\t\t\t\t\t\t\t\t<div class=\"tab\">\n\t\t\t\t\t\t\t\t\t\t\t\t\t\t\t\t\t\t\t\t\t<button class=\"tablinks tabcontainer basics\" onclick=\"openCity(event, 'Vseobecne')\">Allgemeine<\/button>\n\t\t\t\t\t\t\t\t\t\t\t\t\t\t\t\t\t\t\t\t\t\t\t\t\t\t\t\t\t\t\t<button class=\"tablinks tabcontainer\" onclick=\"openCity(event, 'Sifrovacie')\">Puzzlejagd<\/button>\n\t\t\t\t\t\t\t\t\t\t\t\t\t\t\t\t\t\t\t\t\t\t\t\t\t\t\t\t\t\t\t<button class=\"tablinks tabcontainer\" onclick=\"openCity(event, 'Kvizy')\">Quiz<\/button>\n\t\t\t\t\t\t\t\t\t\t\t\t\t\t\t\t\t\t\t\t\t\t\t\t\t\t\t\t\t\t\t\t\t\t\t\t\t\t\t\t\t<button class=\"tablinks tabcontainer myprofilletab\" onclick=\"openCity(event, 'Ucet')\">Mein Konto<\/button>\n\t\t\t\t\t\t\t\t\t\t\t\t\t\t\t\t\t\t\t<\/div>\n\n\t\t\t\t\t\t\t\t\t\t\t\t\t\t\t\t\t\t\t<div id=\"Vseobecne\" class=\"tabcontent \">\n\t\t\t\t\t\t\t\t\t\t\t\t\t\t\t\t\t\t\t\t\t\t\t\t<div class=\"question--single question\">\n\t\t\t\t\t\t\t\t\t\t\t\t\t\t<h6>Welche Spiele kann ich auf dieser Website spielen?<\/h6>\n\t\t\t\t\t\t\t\t\t\t\t\t\t\t<p><p>Wir bieten Ihnen Stadt Puzzlejagd Spiele und Online Quizze an. Beide Arten von Spielen bieten viel Spa\u00df und au\u00dferdem werden Sie viele interessante Fakten \u00fcber Bratislava lernen.<\/p>\n<\/p>\n\t\t\t\t\t\t\t\t\t\t\t\t\t<\/div>\n\t\t\t\t\t\t\t\t\t\t\t\t\t\t\t\t\t\t\t\t\t\t\t\t<div class=\"question--single question\">\n\t\t\t\t\t\t\t\t\t\t\t\t\t\t<h6>Wie viel kosten mich die Spiele?<\/h6>\n\t\t\t\t\t\t\t\t\t\t\t\t\t\t<p><p>Alle Spiele auf dieser Website sind komplett kostenlos. Du kannst sie jederzeit spielen, wann immer du m\u00f6chtest.<\/p>\n<\/p>\n\t\t\t\t\t\t\t\t\t\t\t\t\t<\/div>\n\t\t\t\t\t\t\t\t\t\t\t\t\t\t\t\t\t\t\t\t\t\t\t\t<div class=\"question--single question\">\n\t\t\t\t\t\t\t\t\t\t\t\t\t\t<h6>Kann ich etwas gewinnen?<\/h6>\n\t\t\t\t\t\t\t\t\t\t\t\t\t\t<p><p>Ja, wir planen schrittweise verschiedene Wettbewerbe zu starten, bei denen Sie interessante Preise gewinnen k\u00f6nnen. Folgen Sie unserer Website und den sozialen Medien, wir werden Sie \u00fcber die Wettbewerbe informieren. Bis dahin, trainieren Sie hart, wie man so sagt: &#8222;Trainiere hart, k\u00e4mpfe leicht ;)&#8220;<\/p>\n<\/p>\n\t\t\t\t\t\t\t\t\t\t\t\t\t<\/div>\n\t\t\t\t\t\t\t\t\t\t\t\t\t\t\t\t\t\t\t\t\t\t\t\t<div class=\"question--single question\">\n\t\t\t\t\t\t\t\t\t\t\t\t\t\t<h6>Worauf kann ich mich sonst noch freuen?<\/h6>\n\t\t\t\t\t\t\t\t\t\t\t\t\t\t<p><p>Wir planen, mehr Quiz und Puzzlejagd Spiele hinzuzuf\u00fcgen. Es wird sicherlich mehr Spa\u00df auf unserer Website geben.<\/p>\n<\/p>\n\t\t\t\t\t\t\t\t\t\t\t\t\t<\/div>\n\t\t\t\t\t\t\t\t\t\t\t\t\t\t\t\t\t\t\t\t\t\t\t\t<div class=\"question--single question\">\n\t\t\t\t\t\t\t\t\t\t\t\t\t\t<h6>Wo kann ich sMarta und Jack Pac pers\u00f6nlich treffen?<\/h6>\n\t\t\t\t\t\t\t\t\t\t\t\t\t\t<p><p>sMarta und Jack Pac werden die Maskottchen der Stadt f\u00fcr Kinder sein, daher k\u00f6nnen Sie sie bei verschiedenen Veranstaltungen f\u00fcr junge Menschen treffen. Wir planen auch, Merchandising-Produkte wie Pl\u00fcschtiere, T-Shirts, Caps usw. anzubieten. Weitere Informationen dazu finden Sie auf unseren Social-Media-Kan\u00e4len.<\/p>\n<\/p>\n\t\t\t\t\t\t\t\t\t\t\t\t\t<\/div>\n\t\t\t\t\t\t\t\t\t\t\t\t\t\t\t\t\t\t\t\t\t\t\t\t<div class=\"question--single question\">\n\t\t\t\t\t\t\t\t\t\t\t\t\t\t<h6>Wer hat das alles f\u00fcr uns geschaffen?<\/h6>\n\t\t\t\t\t\t\t\t\t\t\t\t\t\t<p><p>Der Autor des Projekts ist das Fremdenverkehrsamt Bratislava. Sie haben die Hilfe des Unternehmens Pod klob\u00fakom in Anspruch genommen, um bei der Erstellung der Website, Quiz und Puzzlespiele zu helfen.<\/p>\n<\/p>\n\t\t\t\t\t\t\t\t\t\t\t\t\t<\/div>\n\t\t\t\t\t\t\t\t\t\t\t\t\t\t\t\t\t\t\t\t\t<\/div>\n\t\t\t\t\t\t\t\t\t\n\t\t\t\t\t\t\t\t\t\t\t\t\t\t\t\t\t\t\t<div id=\"Sifrovacie\" class=\"tabcontent \">\n\t\t\t\t\t\t\t\t\t\t\t\t\t\t\t\t\t\t\t\t\t\t\t\t<div class=\"question--single question\">\n\t\t\t\t\t\t\t\t\t\t\t\t\t\t<h6>Was ist ein City PuzzleJagd Spiel?<\/h6>\n\t\t\t\t\t\t\t\t\t\t\t\t\t\t<p><p>Es handelt sich um ein Spiel, das f\u00fcr Teams von 2-5 Spielern konzipiert ist, die intelligente Formen der Unterhaltung genie\u00dfen. Mit einem City-Puzzle-Jagd-Spiel k\u00f6nnen Sie die Stadt, ihre Denkm\u00e4ler und interessanten Orte auf unkonventionelle Weise entdecken. Das Prinzip des Spiels besteht darin, dass Sie ein Geheimcode (ein Logikproblem) l\u00f6sen m\u00fcssen, um im Spiel voranzukommen.<\/p>\n<\/p>\n\t\t\t\t\t\t\t\t\t\t\t\t\t<\/div>\n\t\t\t\t\t\t\t\t\t\t\t\t\t\t\t\t\t\t\t\t\t\t\t\t<div class=\"question--single question\">\n\t\t\t\t\t\t\t\t\t\t\t\t\t\t<h6>Wird mich jemand w\u00e4hrend des Spiels begleiten?<\/h6>\n\t\t\t\t\t\t\t\t\t\t\t\t\t\t<p><p>Das gesamte Spiel wird von einer Online-Anwendung begleitet. Sie finden die Spielgeschichte, Puzzle-Aufgaben, Navigation und auch Hinweise, wenn Sie diese ben\u00f6tigen. Sie werden auch Passw\u00f6rter in der Anwendung eingeben, die Sie durch das L\u00f6sen der R\u00e4tsel erhalten werden. Sie m\u00fcssen nichts installieren, starten Sie einfach das Spiel im Browser Ihres Smartphones.<\/p>\n<\/p>\n\t\t\t\t\t\t\t\t\t\t\t\t\t<\/div>\n\t\t\t\t\t\t\t\t\t\t\t\t\t\t\t\t\t\t\t\t\t\t\t\t<div class=\"question--single question\">\n\t\t\t\t\t\t\t\t\t\t\t\t\t\t<h6>Was brauche ich f\u00fcr das Spiel?<\/h6>\n\t\t\t\t\t\t\t\t\t\t\t\t\t\t<p><p>Sie ben\u00f6tigen ein vollst\u00e4ndig aufgeladenes Smartphone mit Internetzugang pro Team. Ein Stift und Papier k\u00f6nnen auch n\u00fctzlich sein. Abgesehen davon ben\u00f6tigen Sie nur bequeme Kleidung und Schuhe. W\u00e4hrend des Spiels werden Sie ungef\u00e4hr 2 Kilometer durch die Stadt laufen.<\/p>\n<\/p>\n\t\t\t\t\t\t\t\t\t\t\t\t\t<\/div>\n\t\t\t\t\t\t\t\t\t\t\t\t\t\t\t\t\t\t\t\t\t\t\t\t<div class=\"question--single question\">\n\t\t\t\t\t\t\t\t\t\t\t\t\t\t<h6>Muss ich ein Konto haben, um das City-Puzzle-Jagd-Spiel zu spielen?<\/h6>\n\t\t\t\t\t\t\t\t\t\t\t\t\t\t<p><p>Ja. Wenn Sie das Spiel spielen, Punkte f\u00fcr Ihr Profil verdienen, gegen Freunde antreten oder Ihren Avatar verbessern m\u00f6chten, registrieren Sie sich einfach und der Spa\u00df kann beginnen.<\/p>\n<\/p>\n\t\t\t\t\t\t\t\t\t\t\t\t\t<\/div>\n\t\t\t\t\t\t\t\t\t\t\t\t\t\t\t\t\t\t\t\t\t\t\t\t<div class=\"question--single question\">\n\t\t\t\t\t\t\t\t\t\t\t\t\t\t<h6>Ist das City Puzzlejagd Spiel zeitlich begrenzt? Muss ich es innerhalb eines bestimmten Zeitrahmens abschlie\u00dfen?<\/h6>\n\t\t\t\t\t\t\t\t\t\t\t\t\t\t<p><p>Nein, es gibt keine Einschr\u00e4nkungen. W\u00e4hrend des Spiels k\u00f6nnen Sie eine Pause f\u00fcr Erfrischungen einlegen, wenn Sie m\u00f6chten. Es liegt bei Ihnen, ob Sie in einem gem\u00e4chlichen Tempo spielen oder versuchen wollen, die schnellste Zeit zu schlagen. Das Spiel dauert in der Regel Teams etwa 60-90 Minuten, um es abzuschlie\u00dfen.<\/p>\n<\/p>\n\t\t\t\t\t\t\t\t\t\t\t\t\t<\/div>\n\t\t\t\t\t\t\t\t\t\t\t\t\t\t\t\t\t\t\t\t\t\t\t\t<div class=\"question--single question\">\n\t\t\t\t\t\t\t\t\t\t\t\t\t\t<h6>Wie kann ich einen Freund zum City-Puzzle-Jagd-Spiel einladen? Wir wollen zusammen als Team spielen.<\/h6>\n\t\t\t\t\t\t\t\t\t\t\t\t\t\t<p><p>Wenn Sie das Spiel starten (in den anf\u00e4nglichen Einstellungen), gibt es einen Button &#8222;Andere einladen&#8220;. Dort k\u00f6nnen Sie die E-Mail-Adressen Ihrer Teamkollegen eingeben. Sie erhalten dann eine Einladung mit einem Link. Sie m\u00fcssen nur darauf klicken und schon k\u00f6nnen Sie gemeinsam als Team spielen.<\/p>\n<\/p>\n\t\t\t\t\t\t\t\t\t\t\t\t\t<\/div>\n\t\t\t\t\t\t\t\t\t\t\t\t\t\t\t\t\t\t\t\t\t\t\t\t<div class=\"question--single question\">\n\t\t\t\t\t\t\t\t\t\t\t\t\t\t<h6>Wenn wir das City-Puzzle-Jagd-Spiel als Team spielen, wem werden dann die Punkte gutgeschrieben, die wir verdienen?<\/h6>\n\t\t\t\t\t\t\t\t\t\t\t\t\t\t<p><p>Die Punkte werden allen gutgeschrieben, die mit dem Spiel \u00fcber den &#8222;Andere einladen&#8220; Button verbunden sind.<\/p>\n<\/p>\n\t\t\t\t\t\t\t\t\t\t\t\t\t<\/div>\n\t\t\t\t\t\t\t\t\t\t\t\t\t\t\t\t\t\t\t\t\t\t\t\t<div class=\"question--single question\">\n\t\t\t\t\t\t\t\t\t\t\t\t\t\t<h6>Ist die Geschichte des Spiels auf der Realit\u00e4t basiert?<\/h6>\n\t\t\t\t\t\t\t\t\t\t\t\t\t\t<p><p>Nach dem Spielen des Puzzlejagt Spiels kennen Sie die Prinzipien aller Chiffren und die richtigen Passw\u00f6rter. Daher erhalten Sie nur Punkte in Ihrem Profil f\u00fcr den ersten Durchlauf des Spiels. Wenn Sie jedoch m\u00f6chten, k\u00f6nnen Sie das Spiel nat\u00fcrlich mehrmals spielen.<\/p>\n<\/p>\n\t\t\t\t\t\t\t\t\t\t\t\t\t<\/div>\n\t\t\t\t\t\t\t\t\t\t\t\t\t\t\t\t\t\t\t\t\t<\/div>\n\t\t\t\t\t\t\t\t\t\n\t\t\t\t\t\t\t\t\t\t\t\t\t\t\t\t\t\t\t<div id=\"Kvizy\" class=\"tabcontent \">\n\t\t\t\t\t\t\t\t\t\t\t\t\t\t\t\t\t\t\t\t\t\t\t\t<div class=\"question--single question\">\n\t\t\t\t\t\t\t\t\t\t\t\t\t\t<h6>Wer kann unsere Quizspiele spielen?<\/h6>\n\t\t\t\t\t\t\t\t\t\t\t\t\t\t<p><p>Jeder, der sein Wissen \u00fcber Bratislava testen oder viele neue interessante Fakten lernen m\u00f6chte, kann sie spielen. Derzeit wurden die Quizze haupts\u00e4chlich f\u00fcr Jugendliche zwischen 10 und 18 Jahren konzipiert, aber wenn Sie eine Herausforderung suchen, werden h\u00f6here Schwierigkeitsgrade des Quiz sicherlich auch Erwachsene herausfordern.<\/p>\n<\/p>\n\t\t\t\t\t\t\t\t\t\t\t\t\t<\/div>\n\t\t\t\t\t\t\t\t\t\t\t\t\t\t\t\t\t\t\t\t\t\t\t\t<div class=\"question--single question\">\n\t\t\t\t\t\t\t\t\t\t\t\t\t\t<h6>Muss ich ein Konto erstellt haben?<\/h6>\n\t\t\t\t\t\t\t\t\t\t\t\t\t\t<p><p>Sie m\u00fcssen kein Konto haben, Sie k\u00f6nnen das Quiz auch ohne es ruhig spielen. Wenn Sie jedoch Punkte f\u00fcr richtige Antworten sammeln, an einem Wettbewerb teilnehmen, sich mit Freunden vergleichen oder h\u00f6here Schwierigkeitsstufen des Quiz freischalten m\u00f6chten, registrieren Sie sich schnell und der Spa\u00df kann beginnen.<\/p>\n<\/p>\n\t\t\t\t\t\t\t\t\t\t\t\t\t<\/div>\n\t\t\t\t\t\t\t\t\t\t\t\t\t\t\t\t\t\t\t\t\t\t\t\t<div class=\"question--single question\">\n\t\t\t\t\t\t\t\t\t\t\t\t\t\t<h6>Kann ich als Team antreten?<\/h6>\n\t\t\t\t\t\t\t\t\t\t\t\t\t\t<p><p>Die Quizze sind individuell, wenn Sie Lust auf ein Mannschaftsspiel haben, schauen Sie sich die Seite &#8222;Puzzlejagt&#8220; an.<\/p>\n<\/p>\n\t\t\t\t\t\t\t\t\t\t\t\t\t<\/div>\n\t\t\t\t\t\t\t\t\t\t\t\t\t\t\t\t\t\t\t\t\t\t\t\t<div class=\"question--single question\">\n\t\t\t\t\t\t\t\t\t\t\t\t\t\t<h6>Kann ich f\u00fcr ein gutes Quizergebnis etwas gewinnen?<\/h6>\n\t\t\t\t\t\t\t\t\t\t\t\t\t\t<p><p>Folgen Sie dem Abschnitt namens &#8222;Wettbewerbe&#8220; und unseren sozialen Medien. Wir informieren Sie \u00fcber bevorstehende und laufende Wettbewerbe. In jedem von ihnen werden verlockende Preise f\u00fcr die Gewinner vorbereitet sein.<\/p>\n<\/p>\n\t\t\t\t\t\t\t\t\t\t\t\t\t<\/div>\n\t\t\t\t\t\t\t\t\t\t\t\t\t\t\t\t\t\t\t\t\t\t\t\t<div class=\"question--single question\">\n\t\t\t\t\t\t\t\t\t\t\t\t\t\t<h6>Ich habe einen weiteren Level des Quiz freigeschaltet. Ich m\u00f6chte jedoch meine Punktzahl auf einem niedrigeren Level verbessern. Kann ich das Quiz erneut spielen?<\/h6>\n\t\t\t\t\t\t\t\t\t\t\t\t\t\t<p><p>Ja, du kannst das Quiz so oft spielen, wie du m\u00f6chtest. Deine Punktzahl wird f\u00fcr jeden Versuch separat gespeichert, damit du deinen Fortschritt verfolgen und versuchen kannst, deine Ergebnisse zu verbessern.<\/p>\n<\/p>\n\t\t\t\t\t\t\t\t\t\t\t\t\t<\/div>\n\t\t\t\t\t\t\t\t\t\t\t\t\t\t\t\t\t\t\t\t\t\t\t\t<div class=\"question--single question\">\n\t\t\t\t\t\t\t\t\t\t\t\t\t\t<h6>Wenn ich das gleiche Level des Quiz wiederholt spiele, bekomme ich die gleichen Fragen?<\/h6>\n\t\t\t\t\t\t\t\t\t\t\t\t\t\t<p><p>Das Quiz enth\u00e4lt 500 Fragen (100 f\u00fcr jeden Level). Die Fragen werden jedes Mal zuf\u00e4llig ausgew\u00e4hlt, wenn das Quiz gestartet wird. Es kann vorkommen, dass einige Fragen dieselben sind wie beim vorherigen Versuch, aber es ist wahrscheinlicher, dass sie unterschiedlich sein werden.<\/p>\n<\/p>\n\t\t\t\t\t\t\t\t\t\t\t\t\t<\/div>\n\t\t\t\t\t\t\t\t\t\t\t\t\t\t\t\t\t\t\t\t\t\t\t\t<div class=\"question--single question\">\n\t\t\t\t\t\t\t\t\t\t\t\t\t\t<h6>Wann komme ich zum n\u00e4chsten Level des Quiz?<\/h6>\n\t\t\t\t\t\t\t\t\t\t\t\t\t\t<p><p>Wenn du bei der aktuellen Schwierigkeitsstufe des Quiz 70% der Fragen richtig beantwortest (z.B. 7 von 10).<\/p>\n<\/p>\n\t\t\t\t\t\t\t\t\t\t\t\t\t<\/div>\n\t\t\t\t\t\t\t\t\t\t\t\t\t\t\t\t\t\t\t\t\t\t\t\t<div class=\"question--single question\">\n\t\t\t\t\t\t\t\t\t\t\t\t\t\t<h6>Bekomme ich f\u00fcr eine korrekte Antwort auf einer h\u00f6heren Stufe mehr Punkte?<\/h6>\n\t\t\t\t\t\t\t\t\t\t\t\t\t\t<p><p>Ja, mit steigender Schwierigkeit der Fragen steigt auch die Anzahl der Punkte, die du f\u00fcr korrekte Antworten erh\u00e4ltst. Wenn du beispielsweise einen Quiz mit sieben richtigen Antworten erfolgreich absolvierst, erh\u00e4ltst du auf der ersten Ebene 7 Punkte, auf der zweiten Ebene 14 Punkte und 35 Punkte auf der f\u00fcnften Ebene.<\/p>\n<\/p>\n\t\t\t\t\t\t\t\t\t\t\t\t\t<\/div>\n\t\t\t\t\t\t\t\t\t\t\t\t\t\t\t\t\t\t\t\t\t<\/div>\n\t\t\t\t\t\t\t\t\t\n\t\t\t\t\t\t\t\t\t\n\t\t\t\t\t\t\t\t\t\t\t\t\t\t\t\t\t\t\t<div id=\"Ucet\" class=\"tabcontent \">\n\t\t\t\t\t\t\t\t\t\t\t\t\t\t\t\t\t\t\t\t\t\t\t\t<div class=\"question--single question\">\n\t\t\t\t\t\t\t\t\t\t\t\t\t\t<h6>Wie kann ich Punkte verdienen?<\/h6>\n\t\t\t\t\t\t\t\t\t\t\t\t\t\t<p><p>Du verdienst Punkte, indem du am Quiz oder an der Stadt Puzzlejagd teilnimmst. Wenn du sie in deinem Profil aufzeichnen m\u00f6chtest, musst du registriert und angemeldet sein.<\/p>\n<\/p>\n\t\t\t\t\t\t\t\t\t\t\t\t\t<\/div>\n\t\t\t\t\t\t\t\t\t\t\t\t\t\t\t\t\t\t\t\t\t\t\t\t<div class=\"question--single question\">\n\t\t\t\t\t\t\t\t\t\t\t\t\t\t<h6>Ich habe sowohl das Quiz als auch das Puzzlejagt in der Stadt gespielt. Wie kann ich mehr Punkte verdienen?<\/h6>\n\t\t\t\t\t\t\t\t\t\t\t\t\t\t<p><p>Du kannst das Quiz wiederholt spielen und f\u00fcr jede Durchspielrunde zus\u00e4tzliche Punkte erhalten. In h\u00f6heren Stufen des Quiz kannst du mehr Punkte verdienen als in der ersten Stufe. F\u00fcr das Puzzlejagt kannst du nur einmal Punkte verdienen. Punkte k\u00f6nnen auch f\u00fcr neue Quiz und Verschl\u00fcsselungsspiele verdient werden, die im Laufe der Zeit hinzugef\u00fcgt werden.<\/p>\n<\/p>\n\t\t\t\t\t\t\t\t\t\t\t\t\t<\/div>\n\t\t\t\t\t\t\t\t\t\t\t\t\t\t\t\t\t\t\t\t\t\t\t\t<div class=\"question--single question\">\n\t\t\t\t\t\t\t\t\t\t\t\t\t\t<h6>Was ist ein Avatar-Level? Und wie kann ich einen h\u00f6heren erreichen?<\/h6>\n\t\t\t\t\t\t\t\t\t\t\t\t\t\t<p><p>Avatar Level repr\u00e4sentiert das Level deines Avatars und zeigt an, wie erfolgreich du beim Spielen von Quizzen und Puzzle-Hunt-Spielen bist.<\/p>\n<\/p>\n\t\t\t\t\t\t\t\t\t\t\t\t\t<\/div>\n\t\t\t\t\t\t\t\t\t\t\t\t\t\t\t\t\t\t\t\t\t\t\t\t<div class=\"question--single question\">\n\t\t\t\t\t\t\t\t\t\t\t\t\t\t<h6>Was bedeutet eingeschraubte Gl\u00fchbirne?<\/h6>\n\t\t\t\t\t\t\t\t\t\t\t\t\t\t<p><p>Bevor Sie zum n\u00e4chsten Level aufsteigen k\u00f6nnen, m\u00fcssen Sie zuerst eine bestimmte Anzahl von Gl\u00fchbirnen zum Leuchten bringen. Die Gl\u00fchbirnen werden automatisch aufleuchten, wenn Sie die erforderliche Anzahl von Punkten erreichen.<\/p>\n<\/p>\n\t\t\t\t\t\t\t\t\t\t\t\t\t<\/div>\n\t\t\t\t\t\t\t\t\t\t\t\t\t\t\t\t\t\t\t\t\t\t\t\t<div class=\"question--single question\">\n\t\t\t\t\t\t\t\t\t\t\t\t\t\t<h6>Habe ich eine Wahl zwischen anderen Avataren au\u00dfer sMarta und Jack Pac?<\/h6>\n\t\t\t\t\t\t\t\t\t\t\t\t\t\t<p><p>In der Zukunft (mit der Einf\u00fchrung neuer Spiele) planen wir, die Brihtons-Familie weiter auszubauen.<\/p>\n<\/p>\n\t\t\t\t\t\t\t\t\t\t\t\t\t<\/div>\n\t\t\t\t\t\t\t\t\t\t\t\t\t\t\t\t\t\t\t\t\t<\/div>\n\t\t\t\t\t\t\t\t\t\t\t\t\t\t\t\t\t<\/div>\n\t\t\t\t\t\t\t<\/div>\n\t\t\t\t\t\t<\/div>\n\t\t\t\t\t<\/div>\n\t\t\t\t\t<div class=\"martan-info\">\n\t\t\t\t\t\t<div class=\"container-1550\">\n\t\t\t\t\t\t\t<div class=\"martan-info--detail\">\n\t\t\t\t\t\t\t\t\t\t\t\t\t\t\t\t<p>Wenn du deine Frage nicht gefunden hast, klicke auf den Button<\/p>\n\t\t\t\t\t\t\t\t<a class=\"btn-level2\" href=\"\/pomoc\">Frage suchen<\/a>\n\t\t\t\t\t\t\t<\/div>\n\t\t\t\t\t\t<\/div>\n\t\t\t\t\t<\/div>\n\n\t\t\t\t\t\t<div class=\"elementor-shortcode\"><\/div>\n\t\t\t\t<\/div>\n\t\t\t\t<\/div>\n\t\t\t\t\t<\/div>\n\t\t<\/div>\n\t\t\t\t\t\t\t<\/div>\n\t\t<\/section>\n\t\t\t\t\t\t\t<\/div>\n\t\t","protected":false},"excerpt":{"rendered":"","protected":false},"author":1,"featured_media":0,"parent":0,"menu_order":0,"comment_status":"closed","ping_status":"closed","template":"","meta":{"inline_featured_image":false,"footnotes":""},"class_list":["post-3508","page","type-page","status-publish","hentry"],"acf":[],"_links":{"self":[{"href":"https:\/\/bystronovci.sk\/de\/wp-json\/wp\/v2\/pages\/3508","targetHints":{"allow":["GET"]}}],"collection":[{"href":"https:\/\/bystronovci.sk\/de\/wp-json\/wp\/v2\/pages"}],"about":[{"href":"https:\/\/bystronovci.sk\/de\/wp-json\/wp\/v2\/types\/page"}],"author":[{"embeddable":true,"href":"https:\/\/bystronovci.sk\/de\/wp-json\/wp\/v2\/users\/1"}],"replies":[{"embeddable":true,"href":"https:\/\/bystronovci.sk\/de\/wp-json\/wp\/v2\/comments?post=3508"}],"version-history":[{"count":9,"href":"https:\/\/bystronovci.sk\/de\/wp-json\/wp\/v2\/pages\/3508\/revisions"}],"predecessor-version":[{"id":4232,"href":"https:\/\/bystronovci.sk\/de\/wp-json\/wp\/v2\/pages\/3508\/revisions\/4232"}],"wp:attachment":[{"href":"https:\/\/bystronovci.sk\/de\/wp-json\/wp\/v2\/media?parent=3508"}],"curies":[{"name":"wp","href":"https:\/\/api.w.org\/{rel}","templated":true}]}}