{"id":3350,"date":"2022-10-16T08:18:50","date_gmt":"2022-10-16T08:18:50","guid":{"rendered":"https:\/\/bystronovci.sk\/?page_id=3350"},"modified":"2023-06-09T06:09:18","modified_gmt":"2023-06-09T06:09:18","slug":"alle-puzzlejagd","status":"publish","type":"page","link":"https:\/\/bystronovci.sk\/de\/alle-puzzlejagd\/","title":{"rendered":"Puzzlejagd"},"content":{"rendered":"\t\t<div data-elementor-type=\"wp-page\" data-elementor-id=\"3350\" class=\"elementor elementor-3350\">\n\t\t\t\t\t\t\t\t\t<section class=\"elementor-section elementor-top-section elementor-element elementor-element-3076494 elementor-section-height-min-height encryption-page elementor-section-boxed elementor-section-height-default elementor-section-items-middle\" data-id=\"3076494\" data-element_type=\"section\" data-settings=\"{&quot;background_background&quot;:&quot;gradient&quot;}\">\n\t\t\t\t\t\t<div class=\"elementor-container elementor-column-gap-default\">\n\t\t\t\t\t<div class=\"elementor-column elementor-col-100 elementor-top-column elementor-element elementor-element-8a596ed\" data-id=\"8a596ed\" data-element_type=\"column\">\n\t\t\t<div class=\"elementor-widget-wrap elementor-element-populated\">\n\t\t\t\t\t\t\t\t<div class=\"elementor-element elementor-element-6642205 elementor-widget elementor-widget-text-editor\" data-id=\"6642205\" data-element_type=\"widget\" data-widget_type=\"text-editor.default\">\n\t\t\t\t<div class=\"elementor-widget-container\">\n\t\t\t<style>\/*! elementor - v3.9.0 - 06-12-2022 *\/\n.elementor-widget-text-editor.elementor-drop-cap-view-stacked .elementor-drop-cap{background-color:#818a91;color:#fff}.elementor-widget-text-editor.elementor-drop-cap-view-framed .elementor-drop-cap{color:#818a91;border:3px solid;background-color:transparent}.elementor-widget-text-editor:not(.elementor-drop-cap-view-default) .elementor-drop-cap{margin-top:8px}.elementor-widget-text-editor:not(.elementor-drop-cap-view-default) .elementor-drop-cap-letter{width:1em;height:1em}.elementor-widget-text-editor .elementor-drop-cap{float:left;text-align:center;line-height:1;font-size:50px}.elementor-widget-text-editor .elementor-drop-cap-letter{display:inline-block}<\/style>\t\t\t\t<p>Puzzlejagd<\/p>\t\t\t\t\t\t<\/div>\n\t\t\t\t<\/div>\n\t\t\t\t<div class=\"elementor-element elementor-element-2303eb3 elementor-widget__width-initial elementor-widget elementor-widget-heading\" data-id=\"2303eb3\" data-element_type=\"widget\" data-widget_type=\"heading.default\">\n\t\t\t\t<div class=\"elementor-widget-container\">\n\t\t\t<style>\/*! elementor - v3.9.0 - 06-12-2022 *\/\n.elementor-heading-title{padding:0;margin:0;line-height:1}.elementor-widget-heading .elementor-heading-title[class*=elementor-size-]>a{color:inherit;font-size:inherit;line-height:inherit}.elementor-widget-heading .elementor-heading-title.elementor-size-small{font-size:15px}.elementor-widget-heading .elementor-heading-title.elementor-size-medium{font-size:19px}.elementor-widget-heading .elementor-heading-title.elementor-size-large{font-size:29px}.elementor-widget-heading .elementor-heading-title.elementor-size-xl{font-size:39px}.elementor-widget-heading .elementor-heading-title.elementor-size-xxl{font-size:59px}<\/style><h1 class=\"elementor-heading-title elementor-size-default\">Deine Geschichte kann beginnen<\/h1>\t\t<\/div>\n\t\t\t\t<\/div>\n\t\t\t\t<div class=\"elementor-element elementor-element-3dc21b2 elementor-widget elementor-widget-text-editor\" data-id=\"3dc21b2\" data-element_type=\"widget\" data-widget_type=\"text-editor.default\">\n\t\t\t\t<div class=\"elementor-widget-container\">\n\t\t\t\t\t\t\t<p>Alle Spiele, die Sie hier finden, sind kooooomplett kostenlos.<\/p>\t\t\t\t\t\t<\/div>\n\t\t\t\t<\/div>\n\t\t\t\t\t<\/div>\n\t\t<\/div>\n\t\t\t\t\t\t\t<\/div>\n\t\t<\/section>\n\t\t\t\t<section class=\"elementor-section elementor-top-section elementor-element elementor-element-d5d0371 games-selection-container elementor-section-boxed elementor-section-height-default elementor-section-height-default\" data-id=\"d5d0371\" data-element_type=\"section\" data-settings=\"{&quot;background_background&quot;:&quot;classic&quot;}\">\n\t\t\t\t\t\t<div class=\"elementor-container elementor-column-gap-default\">\n\t\t\t\t\t<div class=\"elementor-column elementor-col-100 elementor-top-column elementor-element elementor-element-4c9182e\" data-id=\"4c9182e\" data-element_type=\"column\">\n\t\t\t<div class=\"elementor-widget-wrap elementor-element-populated\">\n\t\t\t\t\t\t\t\t<div class=\"elementor-element elementor-element-da32c07 elementor-widget elementor-widget-shortcode\" data-id=\"da32c07\" data-element_type=\"widget\" data-widget_type=\"shortcode.default\">\n\t\t\t\t<div class=\"elementor-widget-container\">\n\t\t\t\t<div class=\"games-selection  temporary-solution\">\n\t\t\t\t<div class=\"games-selection--left\">\n\t\t\t<div class=\"games-selection--left__texts\">\n\t\t\t\t<h3>Auswahl an Puzzlejagd<\/h3>\n\t\t\t\t<p>Ruf deine Freunde an und lerne Bratislava auf eine unkonventionelle Art und Weise mit uns kennen. Es wird ein bisschen spazierg\u00e4ngerisch, ein bisschen geistig, aber vor allem wirst du eine tolle Zeit haben.<\/p>\n\t\t\t<\/div>\n\t\t\t\t\t\t\t\t\t\n\t\t\t\t\t\t<div class=\"games-selection--left__single\">\n\t\t\t\t\t\t\t<a href=\"\/gestohlener-kronen-quest\" class=\"games-selection-image-container\">\n\t\t\t\t\t\t\t\t<img decoding=\"async\" src=\"https:\/\/bystronovci.sk\/wp-content\/uploads\/2022\/12\/titulka-1.jpg\" alt=\"game-image\">\n\t\t\t\t\t\t\t\t<div class=\"game-info-button\">\n\t\t\t\t\t\t\t\t\t<p class=\"btn-level2\">Puzzlejagd<\/p>\n\t\t\t\t\t\t\t\t<\/div>\n\t\t\t\t\t\t\t<\/a>\n\t\t\t\t\t\t\t<a href=\"\/gestohlener-kronen-quest\">\n\t\t\t\t\t\t\t\t<h6>Gestohlener Kronen Quest<\/h6>\n\t\t\t\t\t\t\t<\/a>\n\t\t\t\t\t\t\t<div class=\"details\">\n\t\t\t\t\t\t\t\t\t\t\t\t\t\t\t\t\t\t<div class=\"detail\">\n\t\t\t\t\t\t\t\t\t\t\t<img decoding=\"async\" src=\"https:\/\/bystronovci.sk\/wp-content\/uploads\/2023\/04\/mans.svg\" alt=\"game-icon\">\n\t\t\t\t\t\t\t\t\t\t\t<span>Team von 2-5<\/span>\n\t\t\t\t\t\t\t\t\t\t<\/div>\n\t\t\t\t\t\t\t\t\t\t\t\t\t\t\t\t\t\t<div class=\"detail\">\n\t\t\t\t\t\t\t\t\t\t\t<img decoding=\"async\" src=\"https:\/\/bystronovci.sk\/wp-content\/uploads\/2023\/04\/puzzlee-1.svg\" alt=\"game-icon\">\n\t\t\t\t\t\t\t\t\t\t\t<span>18 Aufgaben<\/span>\n\t\t\t\t\t\t\t\t\t\t<\/div>\n\t\t\t\t\t\t\t\t\t\t\t\t\t\t\t\t\t\t<div class=\"detail\">\n\t\t\t\t\t\t\t\t\t\t\t<img decoding=\"async\" src=\"https:\/\/bystronovci.sk\/wp-content\/uploads\/2023\/04\/clockk-2.svg\" alt=\"game-icon\">\n\t\t\t\t\t\t\t\t\t\t\t<span>90-120 min<\/span>\n\t\t\t\t\t\t\t\t\t\t<\/div>\n\t\t\t\t\t\t\t\t\t\t\t\t\t\t\t<\/div>\n\t\t\t\t\t\t\t\t\t\t\t\t\t\t\t<p class=\"game_label\" style=\"background-color: #FBFFD9;\">Puzzlejagd<\/p>\n\t\t\t\t\t\t\t\t\t\t\t\t\t\t\t\t\t\t\t\t<\/div>\n\t\t<\/div>\n\t<div class=\"games-selection--right\">\n\t\t\t<\/div>\n\t<\/div>\n\n\t\t<div class=\"elementor-shortcode\"><\/div>\n\t\t\t\t<\/div>\n\t\t\t\t<\/div>\n\t\t\t\t\t<\/div>\n\t\t<\/div>\n\t\t\t\t\t\t\t<\/div>\n\t\t<\/section>\n\t\t\t\t<section class=\"elementor-section elementor-top-section elementor-element elementor-element-e4cdbf0 elementor-section-full_width elementor-section-height-default elementor-section-height-default\" data-id=\"e4cdbf0\" data-element_type=\"section\">\n\t\t\t\t\t\t<div class=\"elementor-container elementor-column-gap-default\">\n\t\t\t\t\t<div class=\"elementor-column elementor-col-100 elementor-top-column elementor-element elementor-element-c2a23f0\" data-id=\"c2a23f0\" data-element_type=\"column\">\n\t\t\t<div class=\"elementor-widget-wrap elementor-element-populated\">\n\t\t\t\t\t\t\t\t<div class=\"elementor-element elementor-element-efc1785 elementor-widget elementor-widget-shortcode\" data-id=\"efc1785\" data-element_type=\"widget\" data-widget_type=\"shortcode.default\">\n\t\t\t\t<div class=\"elementor-widget-container\">\n\t\t\t\t\t<div class=\"faqs-container\">\n\t\t<div class=\"container-1550\">\n\t\t\t<div class=\"faqs-left\">\n\t\t\t\t<span class=\"label\"><\/span>\n\t\t\t\t<h3>H\u00e4ufig gestellte Fragen<\/h3>\n\t\t\t\t<p>Hier finden Sie die am h\u00e4ufigsten gestellten Fragen zu unseren Puzzlejagd. Vielleicht finden Sie hier die Antwort auf Ihre Frage.<\/p>\n\t\t\t<\/div>\n\t\t\t<div class=\"faqs-right\">\n\t\t\t\t\t\t\t\t\t\t<div class=\"question\">\n\t\t\t\t\t\t\t<h6>Was ist ein City PuzzleJagd Spiel?<\/h6>\n\t\t\t\t\t\t\t<p><p>Es handelt sich um ein Spiel, das f\u00fcr Teams von 2-5 Spielern konzipiert ist, die intelligente Formen der Unterhaltung genie\u00dfen. Mit einem City-Puzzle-Jagd-Spiel k\u00f6nnen Sie die Stadt, ihre Denkm\u00e4ler und interessanten Orte auf unkonventionelle Weise entdecken. Das Prinzip des Spiels besteht darin, dass Sie ein Geheimcode (ein Logikproblem) l\u00f6sen m\u00fcssen, um im Spiel voranzukommen.<\/p>\n<\/p>\n\t\t\t\t\t\t<\/div>\n\t\t\t\t\t\t\t\t\t\t<div class=\"question\">\n\t\t\t\t\t\t\t<h6>Wird mich jemand w\u00e4hrend des Spiels begleiten?<\/h6>\n\t\t\t\t\t\t\t<p><p>Das gesamte Spiel wird von einer Online-Anwendung begleitet. Sie finden die Spielgeschichte, Puzzle-Aufgaben, Navigation und auch Hinweise, wenn Sie diese ben\u00f6tigen. Sie werden auch Passw\u00f6rter in der Anwendung eingeben, die Sie durch das L\u00f6sen der R\u00e4tsel erhalten werden. Sie m\u00fcssen nichts installieren, starten Sie einfach das Spiel im Browser Ihres Smartphones.<\/p>\n<\/p>\n\t\t\t\t\t\t<\/div>\n\t\t\t\t\t\t\t\t\t\t<div class=\"question\">\n\t\t\t\t\t\t\t<h6>Was brauche ich f\u00fcr das Spiel?<\/h6>\n\t\t\t\t\t\t\t<p><p>Sie ben\u00f6tigen ein vollst\u00e4ndig aufgeladenes Smartphone mit Internetzugang pro Team. Ein Stift und Papier k\u00f6nnen auch n\u00fctzlich sein. Abgesehen davon ben\u00f6tigen Sie nur bequeme Kleidung und Schuhe. W\u00e4hrend des Spiels werden Sie ungef\u00e4hr 2 Kilometer durch die Stadt laufen.<\/p>\n<\/p>\n\t\t\t\t\t\t<\/div>\n\t\t\t\t\t\t\t\t\t\t<div class=\"question\">\n\t\t\t\t\t\t\t<h6>Muss ich ein Konto haben, um das City-Puzzle-Jagd-Spiel zu spielen?<\/h6>\n\t\t\t\t\t\t\t<p><p>Ja. Wenn Sie das Spiel spielen, Punkte f\u00fcr Ihr Profil verdienen, gegen Freunde antreten oder Ihren Avatar verbessern m\u00f6chten, registrieren Sie sich einfach und der Spa\u00df kann beginnen.<\/p>\n<\/p>\n\t\t\t\t\t\t<\/div>\n\t\t\t\t\t\t\t\t\t\t<div class=\"question\">\n\t\t\t\t\t\t\t<h6>Ist das City Puzzlejagd Spiel zeitlich begrenzt? Muss ich es innerhalb eines bestimmten Zeitrahmens abschlie\u00dfen?<\/h6>\n\t\t\t\t\t\t\t<p><p>Nein, es gibt keine Einschr\u00e4nkungen. W\u00e4hrend des Spiels k\u00f6nnen Sie eine Pause f\u00fcr Erfrischungen einlegen, wenn Sie m\u00f6chten. Es liegt bei Ihnen, ob Sie in einem gem\u00e4chlichen Tempo spielen oder versuchen wollen, die schnellste Zeit zu schlagen. Das Spiel dauert in der Regel Teams etwa 90-120 Minuten, um es abzuschlie\u00dfen.<\/p>\n<\/p>\n\t\t\t\t\t\t<\/div>\n\t\t\t\t\t\t\t<\/div>\n\t\t<\/div>\n\t<\/div>\n\t<div class=\"martan-info\">\n\t\t<div class=\"container-1550\">\n\t\t\t<div class=\"martan-info--detail\">\n\t\t\t\t\t\t\t\t<p>Wenn du deine Frage nicht gefunden hast, klicke auf den Button<\/p>\n\t\t\t\t<a class=\"btn-level2\" href=\"\/pomoc\">Frage suchen<\/a>\n\t\t\t<\/div>\n\t\t<\/div>\n\t<\/div>\n\t\t<div class=\"elementor-shortcode\"><\/div>\n\t\t\t\t<\/div>\n\t\t\t\t<\/div>\n\t\t\t\t\t<\/div>\n\t\t<\/div>\n\t\t\t\t\t\t\t<\/div>\n\t\t<\/section>\n\t\t\t\t\t\t\t<\/div>\n\t\t","protected":false},"excerpt":{"rendered":"<p>Puzzlejagd Deine Geschichte kann beginnen Alle Spiele, die Sie hier finden, sind kooooomplett kostenlos.<\/p>\n","protected":false},"author":1,"featured_media":0,"parent":0,"menu_order":0,"comment_status":"closed","ping_status":"closed","template":"","meta":{"inline_featured_image":false,"footnotes":""},"class_list":["post-3350","page","type-page","status-publish","hentry"],"acf":[],"_links":{"self":[{"href":"https:\/\/bystronovci.sk\/de\/wp-json\/wp\/v2\/pages\/3350","targetHints":{"allow":["GET"]}}],"collection":[{"href":"https:\/\/bystronovci.sk\/de\/wp-json\/wp\/v2\/pages"}],"about":[{"href":"https:\/\/bystronovci.sk\/de\/wp-json\/wp\/v2\/types\/page"}],"author":[{"embeddable":true,"href":"https:\/\/bystronovci.sk\/de\/wp-json\/wp\/v2\/users\/1"}],"replies":[{"embeddable":true,"href":"https:\/\/bystronovci.sk\/de\/wp-json\/wp\/v2\/comments?post=3350"}],"version-history":[{"count":16,"href":"https:\/\/bystronovci.sk\/de\/wp-json\/wp\/v2\/pages\/3350\/revisions"}],"predecessor-version":[{"id":4511,"href":"https:\/\/bystronovci.sk\/de\/wp-json\/wp\/v2\/pages\/3350\/revisions\/4511"}],"wp:attachment":[{"href":"https:\/\/bystronovci.sk\/de\/wp-json\/wp\/v2\/media?parent=3350"}],"curies":[{"name":"wp","href":"https:\/\/api.w.org\/{rel}","templated":true}]}}