{"id":3348,"date":"2022-12-18T08:41:29","date_gmt":"2022-12-18T08:41:29","guid":{"rendered":"https:\/\/bystronovci.sk\/?page_id=3348"},"modified":"2023-05-10T13:02:04","modified_gmt":"2023-05-10T13:02:04","slug":"quizes","status":"publish","type":"page","link":"https:\/\/bystronovci.sk\/de\/quizes\/","title":{"rendered":"Quizes"},"content":{"rendered":"\t\t<div data-elementor-type=\"wp-page\" data-elementor-id=\"3348\" class=\"elementor elementor-3348\">\n\t\t\t\t\t\t\t\t\t<section class=\"elementor-section elementor-top-section elementor-element elementor-element-3076494 elementor-section-height-min-height encryption-page quiz-page elementor-section-boxed elementor-section-height-default elementor-section-items-middle\" data-id=\"3076494\" data-element_type=\"section\" data-settings=\"{&quot;background_background&quot;:&quot;gradient&quot;}\">\n\t\t\t\t\t\t<div class=\"elementor-container elementor-column-gap-default\">\n\t\t\t\t\t<div class=\"elementor-column elementor-col-100 elementor-top-column elementor-element elementor-element-8a596ed\" data-id=\"8a596ed\" data-element_type=\"column\">\n\t\t\t<div class=\"elementor-widget-wrap elementor-element-populated\">\n\t\t\t\t\t\t\t\t<div class=\"elementor-element elementor-element-6642205 elementor-widget elementor-widget-text-editor\" data-id=\"6642205\" data-element_type=\"widget\" data-widget_type=\"text-editor.default\">\n\t\t\t\t<div class=\"elementor-widget-container\">\n\t\t\t<style>\/*! elementor - v3.9.0 - 06-12-2022 *\/\n.elementor-widget-text-editor.elementor-drop-cap-view-stacked .elementor-drop-cap{background-color:#818a91;color:#fff}.elementor-widget-text-editor.elementor-drop-cap-view-framed .elementor-drop-cap{color:#818a91;border:3px solid;background-color:transparent}.elementor-widget-text-editor:not(.elementor-drop-cap-view-default) .elementor-drop-cap{margin-top:8px}.elementor-widget-text-editor:not(.elementor-drop-cap-view-default) .elementor-drop-cap-letter{width:1em;height:1em}.elementor-widget-text-editor .elementor-drop-cap{float:left;text-align:center;line-height:1;font-size:50px}.elementor-widget-text-editor .elementor-drop-cap-letter{display:inline-block}<\/style>\t\t\t\t<p>Quiz<\/p>\t\t\t\t\t\t<\/div>\n\t\t\t\t<\/div>\n\t\t\t\t<div class=\"elementor-element elementor-element-2303eb3 elementor-widget__width-initial elementor-widget elementor-widget-heading\" data-id=\"2303eb3\" data-element_type=\"widget\" data-widget_type=\"heading.default\">\n\t\t\t\t<div class=\"elementor-widget-container\">\n\t\t\t<style>\/*! elementor - v3.9.0 - 06-12-2022 *\/\n.elementor-heading-title{padding:0;margin:0;line-height:1}.elementor-widget-heading .elementor-heading-title[class*=elementor-size-]>a{color:inherit;font-size:inherit;line-height:inherit}.elementor-widget-heading .elementor-heading-title.elementor-size-small{font-size:15px}.elementor-widget-heading .elementor-heading-title.elementor-size-medium{font-size:19px}.elementor-widget-heading .elementor-heading-title.elementor-size-large{font-size:29px}.elementor-widget-heading .elementor-heading-title.elementor-size-xl{font-size:39px}.elementor-widget-heading .elementor-heading-title.elementor-size-xxl{font-size:59px}<\/style><h1 class=\"elementor-heading-title elementor-size-default\">\u00dcberpr\u00fcfen Sie Ihr Wissen<\/h1>\t\t<\/div>\n\t\t\t\t<\/div>\n\t\t\t\t<div class=\"elementor-element elementor-element-3dc21b2 elementor-widget elementor-widget-text-editor\" data-id=\"3dc21b2\" data-element_type=\"widget\" data-widget_type=\"text-editor.default\">\n\t\t\t\t<div class=\"elementor-widget-container\">\n\t\t\t\t\t\t\t<p>Auf welchen traust du dich?<\/p>\t\t\t\t\t\t<\/div>\n\t\t\t\t<\/div>\n\t\t\t\t\t<\/div>\n\t\t<\/div>\n\t\t\t\t\t\t\t<\/div>\n\t\t<\/section>\n\t\t\t\t<section class=\"elementor-section elementor-top-section elementor-element elementor-element-d5d0371 encryption-page-container elementor-section-boxed elementor-section-height-default elementor-section-height-default\" data-id=\"d5d0371\" data-element_type=\"section\" data-settings=\"{&quot;background_background&quot;:&quot;classic&quot;}\">\n\t\t\t\t\t\t<div class=\"elementor-container elementor-column-gap-default\">\n\t\t\t\t\t<div class=\"elementor-column elementor-col-100 elementor-top-column elementor-element elementor-element-4c9182e\" data-id=\"4c9182e\" data-element_type=\"column\">\n\t\t\t<div class=\"elementor-widget-wrap elementor-element-populated\">\n\t\t\t\t\t\t\t\t<div class=\"elementor-element elementor-element-da32c07 elementor-widget elementor-widget-shortcode\" data-id=\"da32c07\" data-element_type=\"widget\" data-widget_type=\"shortcode.default\">\n\t\t\t\t<div class=\"elementor-widget-container\">\n\t\t\t\t<div class=\"games-selection  temporary-solution\">\n\t\t\t\t<div class=\"games-selection--left\">\n\t\t\t<div class=\"games-selection--left__texts\">\n\t\t\t\t<h3>Auswahl an Quizzen<\/h3>\n\t\t\t\t<p>Kennst du Bratislava, seine Geschichte, Pers\u00f6nlichkeiten und Sehensw\u00fcrdigkeiten? Oder m\u00f6chtest du viele neue Kenntnisse und Interessen erwerben? In unserem Quiz findest du Fragen aus verschiedenen Bereichen - von einfach bis schwierig. Wir w\u00fcnschen dir viel Spa\u00df.<\/p>\n\t\t\t<\/div>\n\t\t\t\t\t\t\t\t\t\n\t\t\t\t\t\t<div class=\"games-selection--left__single\">\n\t\t\t\t\t\t\t<a href=\"\/das-ist-bratislava\" class=\"games-selection-image-container\">\n\t\t\t\t\t\t\t\t<img decoding=\"async\" src=\"https:\/\/bystronovci.sk\/wp-content\/uploads\/2022\/12\/sunset-ba.jpg\" alt=\"game-image\">\n\t\t\t\t\t\t\t\t<div class=\"game-info-button\">\n\t\t\t\t\t\t\t\t\t<p class=\"btn-level2\">Quiz<\/p>\n\t\t\t\t\t\t\t\t<\/div>\n\t\t\t\t\t\t\t<\/a>\n\t\t\t\t\t\t\t<a href=\"\/das-ist-bratislava\">\n\t\t\t\t\t\t\t\t<h6>Das ist Bratislava - Quiz<\/h6>\n\t\t\t\t\t\t\t<\/a>\n\t\t\t\t\t\t\t<div class=\"details\">\n\t\t\t\t\t\t\t\t\t\t\t\t\t\t\t\t\t\t<div class=\"detail\">\n\t\t\t\t\t\t\t\t\t\t\t<img decoding=\"async\" src=\"https:\/\/bystronovci.sk\/wp-content\/uploads\/2023\/02\/schody.svg\" alt=\"game-icon\">\n\t\t\t\t\t\t\t\t\t\t\t<span>5 Levels<\/span>\n\t\t\t\t\t\t\t\t\t\t<\/div>\n\t\t\t\t\t\t\t\t\t\t\t\t\t\t\t\t\t\t<div class=\"detail\">\n\t\t\t\t\t\t\t\t\t\t\t<img decoding=\"async\" src=\"https:\/\/bystronovci.sk\/wp-content\/uploads\/2023\/04\/puzzlee-1.svg\" alt=\"game-icon\">\n\t\t\t\t\t\t\t\t\t\t\t<span>10 Fragen<\/span>\n\t\t\t\t\t\t\t\t\t\t<\/div>\n\t\t\t\t\t\t\t\t\t\t\t\t\t\t\t<\/div>\n\t\t\t\t\t\t\t\t\t\t\t\t\t\t\t<p class=\"game_label\" style=\"background-color: #DED9FF;\">Quiz<\/p>\n\t\t\t\t\t\t\t\t\t\t\t\t\t\t\t\t\t\t\t\t\t\t<img decoding=\"async\" class=\"game-new-icon\" src=\"https:\/\/bystronovci.sk\/wp-content\/themes\/ithelps\/img\/tag-novinka.svg\" alt=\"icon-news\">\n\t\t\t\t\t\t\t\t\t\t\t\t\t<\/div>\n\t\t<\/div>\n\t<div class=\"games-selection--right\">\n\t\t\t<\/div>\n\t<\/div>\n\n\t\t<div class=\"elementor-shortcode\"><\/div>\n\t\t\t\t<\/div>\n\t\t\t\t<\/div>\n\t\t\t\t\t<\/div>\n\t\t<\/div>\n\t\t\t\t\t\t\t<\/div>\n\t\t<\/section>\n\t\t\t\t<section class=\"elementor-section elementor-top-section elementor-element elementor-element-e4cdbf0 elementor-section-full_width elementor-section-height-default elementor-section-height-default\" data-id=\"e4cdbf0\" data-element_type=\"section\">\n\t\t\t\t\t\t<div class=\"elementor-container elementor-column-gap-default\">\n\t\t\t\t\t<div class=\"elementor-column elementor-col-100 elementor-top-column elementor-element elementor-element-c2a23f0\" data-id=\"c2a23f0\" data-element_type=\"column\">\n\t\t\t<div class=\"elementor-widget-wrap elementor-element-populated\">\n\t\t\t\t\t\t\t\t<div class=\"elementor-element elementor-element-efc1785 elementor-widget elementor-widget-shortcode\" data-id=\"efc1785\" data-element_type=\"widget\" data-widget_type=\"shortcode.default\">\n\t\t\t\t<div class=\"elementor-widget-container\">\n\t\t\t\t\t<div class=\"faqs-container\">\n\t\t<div class=\"container-1550\">\n\t\t\t<div class=\"faqs-left\">\n\t\t\t\t<span class=\"label\">Hilfe<\/span>\n\t\t\t\t<h3>H\u00e4ufig gestellte Fragen<\/h3>\n\t\t\t\t<p>Hier finden Sie die am h\u00e4ufigsten gestellten Fragen zu unseren Quizspielen. Vielleicht finden Sie hier die Antwort auf Ihre Frage.<\/p>\n\t\t\t<\/div>\n\t\t\t<div class=\"faqs-right\">\n\t\t\t\t\t\t\t\t\t\t<div class=\"question\">\n\t\t\t\t\t\t\t<h6>Wer kann unsere Quizspiele spielen?<\/h6>\n\t\t\t\t\t\t\t<p><p>Jeder, der sein Wissen \u00fcber Bratislava testen oder viele neue interessante Fakten lernen m\u00f6chte, kann sie spielen. Derzeit wurden die Quizze haupts\u00e4chlich f\u00fcr Jugendliche zwischen 10 und 18 Jahren konzipiert, aber wenn Sie eine Herausforderung suchen, werden h\u00f6here Schwierigkeitsgrade des Quiz sicherlich auch Erwachsene herausfordern.<\/p>\n<\/p>\n\t\t\t\t\t\t<\/div>\n\t\t\t\t\t\t\t\t\t\t<div class=\"question\">\n\t\t\t\t\t\t\t<h6>Muss ich ein Konto erstellt haben?<\/h6>\n\t\t\t\t\t\t\t<p><p>Sie m\u00fcssen kein Konto haben, Sie k\u00f6nnen das Quiz auch ohne es ruhig spielen. Wenn Sie jedoch Punkte f\u00fcr richtige Antworten sammeln, an einem Wettbewerb teilnehmen, sich mit Freunden vergleichen oder h\u00f6here Schwierigkeitsstufen des Quiz freischalten m\u00f6chten, registrieren Sie sich schnell und der Spa\u00df kann beginnen.<\/p>\n<\/p>\n\t\t\t\t\t\t<\/div>\n\t\t\t\t\t\t\t\t\t\t<div class=\"question\">\n\t\t\t\t\t\t\t<h6>Kann ich als Team antreten?<\/h6>\n\t\t\t\t\t\t\t<p><p>Die Quizze sind individuell, wenn Sie Lust auf ein Mannschaftsspiel haben, schauen Sie sich die Seite &#8222;Puzzlejagt&#8220; an.<\/p>\n<\/p>\n\t\t\t\t\t\t<\/div>\n\t\t\t\t\t\t\t\t\t\t<div class=\"question\">\n\t\t\t\t\t\t\t<h6>Kann ich f\u00fcr ein gutes Quizergebnis etwas gewinnen?<\/h6>\n\t\t\t\t\t\t\t<p><p>Folgen Sie dem Abschnitt namens &#8222;Wettbewerbe&#8220; und unseren sozialen Medien. Wir informieren Sie \u00fcber bevorstehende und laufende Wettbewerbe. In jedem von ihnen werden verlockende Preise f\u00fcr die Gewinner vorbereitet sein.<\/p>\n<\/p>\n\t\t\t\t\t\t<\/div>\n\t\t\t\t\t\t\t<\/div>\n\t\t<\/div>\n\t<\/div>\n\t<div class=\"martan-info\">\n\t\t<div class=\"container-1550\">\n\t\t\t<div class=\"martan-info--detail\">\n\t\t\t\t\t\t\t\t<p>Wenn du deine Frage nicht gefunden hast, klicke auf den Button<\/p>\n\t\t\t\t<a class=\"btn-level2\" href=\"\/pomoc\">Frage suchen<\/a>\n\t\t\t<\/div>\n\t\t<\/div>\n\t<\/div>\n\t\t<div class=\"elementor-shortcode\"><\/div>\n\t\t\t\t<\/div>\n\t\t\t\t<\/div>\n\t\t\t\t\t<\/div>\n\t\t<\/div>\n\t\t\t\t\t\t\t<\/div>\n\t\t<\/section>\n\t\t\t\t\t\t\t<\/div>\n\t\t","protected":false},"excerpt":{"rendered":"<p>Quiz \u00dcberpr\u00fcfen Sie Ihr Wissen Auf welchen traust du dich?<\/p>\n","protected":false},"author":1,"featured_media":0,"parent":0,"menu_order":0,"comment_status":"closed","ping_status":"closed","template":"","meta":{"inline_featured_image":false,"footnotes":""},"class_list":["post-3348","page","type-page","status-publish","hentry"],"acf":[],"_links":{"self":[{"href":"https:\/\/bystronovci.sk\/de\/wp-json\/wp\/v2\/pages\/3348","targetHints":{"allow":["GET"]}}],"collection":[{"href":"https:\/\/bystronovci.sk\/de\/wp-json\/wp\/v2\/pages"}],"about":[{"href":"https:\/\/bystronovci.sk\/de\/wp-json\/wp\/v2\/types\/page"}],"author":[{"embeddable":true,"href":"https:\/\/bystronovci.sk\/de\/wp-json\/wp\/v2\/users\/1"}],"replies":[{"embeddable":true,"href":"https:\/\/bystronovci.sk\/de\/wp-json\/wp\/v2\/comments?post=3348"}],"version-history":[{"count":15,"href":"https:\/\/bystronovci.sk\/de\/wp-json\/wp\/v2\/pages\/3348\/revisions"}],"predecessor-version":[{"id":4330,"href":"https:\/\/bystronovci.sk\/de\/wp-json\/wp\/v2\/pages\/3348\/revisions\/4330"}],"wp:attachment":[{"href":"https:\/\/bystronovci.sk\/de\/wp-json\/wp\/v2\/media?parent=3348"}],"curies":[{"name":"wp","href":"https:\/\/api.w.org\/{rel}","templated":true}]}}